{"id":38,"date":"2016-04-12T17:27:41","date_gmt":"2016-04-12T17:27:41","guid":{"rendered":"http:\/\/www.fymconsultores.com.ar\/site\/?page_id=38"},"modified":"2016-04-26T20:00:11","modified_gmt":"2016-04-26T20:00:11","slug":"servicios","status":"publish","type":"page","link":"https:\/\/www.fymconsultores.com.ar\/site\/servicios\/","title":{"rendered":"Servicios"},"content":{"rendered":"<p>[et_pb_section admin_label=&#8221;Section&#8221; fullwidth=&#8221;on&#8221; specialty=&#8221;off&#8221;][et_pb_fullwidth_header admin_label=&#8221;Fullwidth Header&#8221; title=&#8221;Servicios&#8221; background_layout=&#8221;dark&#8221; text_orientation=&#8221;left&#8221; header_fullscreen=&#8221;off&#8221; header_scroll_down=&#8221;off&#8221; background_url=&#8221;https:\/\/www.fymconsultores.com.ar\/site\/wp-content\/uploads\/2016\/04\/Red-Boxes-back.jpg&#8221; parallax=&#8221;off&#8221; parallax_method=&#8221;off&#8221; content_orientation=&#8221;center&#8221; image_orientation=&#8221;center&#8221; custom_button_one=&#8221;off&#8221; button_one_letter_spacing=&#8221;0&#8243; button_one_use_icon=&#8221;default&#8221; button_one_icon_placement=&#8221;right&#8221; button_one_on_hover=&#8221;on&#8221; button_one_letter_spacing_hover=&#8221;0&#8243; custom_button_two=&#8221;off&#8221; button_two_letter_spacing=&#8221;0&#8243; button_two_use_icon=&#8221;default&#8221; button_two_icon_placement=&#8221;right&#8221; button_two_on_hover=&#8221;on&#8221; button_two_letter_spacing_hover=&#8221;0&#8243; subhead=&#8221;Amplia gama de prestaciones&#8221;] [\/et_pb_fullwidth_header][\/et_pb_section][et_pb_section admin_label=&#8221;section&#8221;][et_pb_row admin_label=&#8221;row&#8221;][et_pb_column type=&#8221;3_4&#8243;][et_pb_text admin_label=&#8221;Text&#8221; background_layout=&#8221;light&#8221; text_orientation=&#8221;left&#8221; use_border_color=&#8221;off&#8221; border_color=&#8221;#ffffff&#8221; border_style=&#8221;solid&#8221;]<\/p>\n<p>Ejecutamos nuestros servicios en forma altamente personalizada, comprendiendo que cada empresa es \u00fanica, creando una soluci\u00f3n a la medida de cada necesidad.\u00a0Somos especialistas en identificar y comprender las necesidades inform\u00e1ticas de nuestros clientes para ofrecerles la mejor soluci\u00f3n integral.<\/p>\n<p>Nuestros servicios se apoyan en los siguientes principios:<\/p>\n<ul>\n<li>Calidad<\/li>\n<li>Agilidad<\/li>\n<li>Versatilidad<\/li>\n<li>Alta capacidad de adaptaci\u00f3n a las necesidades particulares de nuestros clientes<\/li>\n<\/ul>\n<p>Cada servicio cumple con exhaustivos procesos de control en cada una de las etapas, permitiendo medir la eficacia y el cumplimiento de los objetivos establecidos al comienzo de cada trabajo.<\/p>\n<p>Nuestra actividad incluye una amplia gama de prestaciones, que abarcan desde los procesos iniciales de an\u00e1lisis y dise\u00f1o de sistemas, comercializaci\u00f3n y soporte inform\u00e1tico postventa, hasta servicios profesionales de consultor\u00eda.<\/p>\n<p>[\/et_pb_text][et_pb_toggle admin_label=&#8221;Consultor\u00eda Inform\u00e1tica&#8221; title=&#8221;Consultor\u00eda Inform\u00e1tica&#8221; open=&#8221;off&#8221; use_border_color=&#8221;off&#8221; border_color=&#8221;#ffffff&#8221; border_style=&#8221;solid&#8221; module_id=&#8221;consultoria&#8221; open_toggle_text_color=&#8221;#ffffff&#8221;]<\/p>\n<p><img loading=\"lazy\" decoding=\"async\" class=\"alignleft size-full wp-image-93\" src=\"https:\/\/www.fymconsultores.com.ar\/site\/wp-content\/uploads\/2016\/04\/banner-consultoria-informatica.jpg\" alt=\"banner-consultoria-informatica\" width=\"226\" height=\"152\" \/>Implementar un sistema de gesti\u00f3n implica un correcto relevamiento t\u00e9cnico de sus necesidades, para conocer con precisi\u00f3n las caracter\u00edsticas de su demanda. Una vez instalado nuestros servicios, contar\u00e1 con una capacitaci\u00f3n espec\u00edfica que le permitir\u00e1 conocer el funcionamiento del mismo y as\u00ed aprovechar todas sus ventajas.Ferrero &amp; Marossero Servicio a Clientes es el complemento ideal de cada uno de nuestros productos para lograr la satisfacci\u00f3n de nuestros clientes. Su empresa podr\u00e1 contar con un soporte permanente para poder dar soluci\u00f3n a cada una de sus consultas o demandas, a trav\u00e9s de llamados telef\u00f3nicos, consultas v\u00eda Internet y visitas a su empresa.<\/p>\n<p>[\/et_pb_toggle][et_pb_toggle admin_label=&#8221;Desarrollo de Software&#8221; title=&#8221;Desarrollo de Software&#8221; open=&#8221;off&#8221; use_border_color=&#8221;off&#8221; border_color=&#8221;#ffffff&#8221; border_style=&#8221;solid&#8221; module_id=&#8221;software&#8221; open_toggle_text_color=&#8221;#ffffff&#8221;]<\/p>\n<p><img loading=\"lazy\" decoding=\"async\" class=\"alignleft size-full wp-image-94\" src=\"https:\/\/www.fymconsultores.com.ar\/site\/wp-content\/uploads\/2016\/04\/banner-desarrollo-softwares.jpg\" alt=\"banner-desarrollo-softwares\" width=\"226\" height=\"152\" \/>Con un importante know-how adquirido a trav\u00e9s de la experiencia en diferentes campos de las soluciones digitales, hemos desarrollado nuestros propios sistemas inform\u00e1ticos. Los desarrollos cuentan con procesos de testing previos a su comercializaci\u00f3n y actualizaciones peri\u00f3dicas que incorporan nuevas funcionalidades.Adem\u00e1s de nuestros sistemas pre elaborados, realizamos desarrollos de sistemas especiales o a medida, solicitados de manera particular para casos puntuales.<\/p>\n<p>[\/et_pb_toggle][et_pb_toggle admin_label=&#8221;Seguridad Inform\u00e1tica&#8221; title=&#8221;Seguridad Inform\u00e1tica&#8221; open=&#8221;off&#8221; use_border_color=&#8221;off&#8221; border_color=&#8221;#ffffff&#8221; border_style=&#8221;solid&#8221; module_id=&#8221;seguridad&#8221; open_toggle_text_color=&#8221;#ffffff&#8221;]<\/p>\n<p><img loading=\"lazy\" decoding=\"async\" class=\"alignleft size-full wp-image-96\" src=\"https:\/\/www.fymconsultores.com.ar\/site\/wp-content\/uploads\/2016\/04\/banner-seguridad-informatica.jpg\" alt=\"banner-seguridad-informatica\" width=\"226\" height=\"152\" \/>En Ferrero &amp; Marossero contamos con t\u00e9cnicos especializados en Seguridad Inform\u00e1tica para poder evaluar las caracter\u00edsticas y condiciones de sus sistemas de procesamiento de datos y su correcto almacenamiento, para garantizarle confidencialidad, integridad y disponibilidad. Este servicio es muy amplio y abarco desde el testeo de redes y escaneo de archivos, hasta la instalaci\u00f3n o actualizaci\u00f3n de anti-virus optimizados para sus sistemas inform\u00e1ticos.<\/p>\n<p>[\/et_pb_toggle][et_pb_toggle admin_label=&#8221;Redes (LAN WAN WI-FI)&#8221; title=&#8221;Redes (LAN WAN WI-FI)&#8221; open=&#8221;off&#8221; use_border_color=&#8221;off&#8221; border_color=&#8221;#ffffff&#8221; border_style=&#8221;solid&#8221; module_id=&#8221;redes&#8221; open_toggle_text_color=&#8221;#ffffff&#8221;]<\/p>\n<p><img loading=\"lazy\" decoding=\"async\" class=\"alignleft size-full wp-image-95\" src=\"https:\/\/www.fymconsultores.com.ar\/site\/wp-content\/uploads\/2016\/04\/banner-redes.jpg\" alt=\"banner-redes\" width=\"226\" height=\"152\" \/>En la actualidad la informaci\u00f3n se procesa digitalmente desde distintos puntos a la vez. La velocidad, seguridad y confiabilidad de los datos con que trabajan los sistemas, est\u00e1 dada por las caracter\u00edsticas de las redes sobre las est\u00e1n funcionando. Por esta raz\u00f3n es que ofrecemos un asesoramiento integral para el dise\u00f1o, montaje y puesta en marcha de los diferentes tipos de redes con los que debiera interconectar su empresa, f\u00e1brica o instituci\u00f3n.<\/p>\n<p>[\/et_pb_toggle][et_pb_toggle admin_label=&#8221;Venta Equipos e Insumos&#8221; title=&#8221;Venta Equipos e Insumos&#8221; open=&#8221;off&#8221; use_border_color=&#8221;off&#8221; border_color=&#8221;#ffffff&#8221; border_style=&#8221;solid&#8221; module_id=&#8221;venta&#8221; open_toggle_text_color=&#8221;#ffffff&#8221;]<\/p>\n<p><img loading=\"lazy\" decoding=\"async\" class=\"alignleft size-full wp-image-98\" src=\"https:\/\/www.fymconsultores.com.ar\/site\/wp-content\/uploads\/2016\/04\/banner-venta-equipos.jpg\" alt=\"banner-venta-equipos\" width=\"226\" height=\"152\" \/>Las unidades de almacenamiento, las terminales de ingreso de datos, activaci\u00f3n de procesos complejos o interconexi\u00f3n interna\/externa son el soporte b\u00e1sico para poder asegurarse un correcto funcionamiento de sus sistemas inform\u00e1ticos. Gracias a nuestra amplia experiencia en este campo podemos asesorarlo y brindarle las alternativas m\u00e1s adecuadas en materia de equipos, accesorios y reciclaje de insumos de computaci\u00f3n.<\/p>\n<p>[\/et_pb_toggle][et_pb_toggle admin_label=&#8221;Servicio T\u00e9cnico General&#8221; title=&#8221;Servicio T\u00e9cnico General&#8221; open=&#8221;off&#8221; use_border_color=&#8221;off&#8221; border_color=&#8221;#ffffff&#8221; border_style=&#8221;solid&#8221; module_id=&#8221;tecnico&#8221; open_toggle_text_color=&#8221;#ffffff&#8221;]<\/p>\n<p><img loading=\"lazy\" decoding=\"async\" class=\"alignleft size-full wp-image-97\" src=\"https:\/\/www.fymconsultores.com.ar\/site\/wp-content\/uploads\/2016\/04\/banner-servicio-tecnico.jpg\" alt=\"banner-servicio-tecnico\" width=\"226\" height=\"152\" \/>La experiencia de nuestros t\u00e9cnicos y el poder contar con herramientas de dise\u00f1o propio, nos permite ofrecer un servicio estrictamente adecuado a las necesidades en tiempo y forma demandados por el cliente. Conf\u00ede en nuestros profesionales para el asesoramiento inform\u00e1tico de su empresa y compruebe las ventajas de contar con ayuda experimentada.<\/p>\n<p>[\/et_pb_toggle][\/et_pb_column][et_pb_column type=&#8221;1_4&#8243;][et_pb_sidebar admin_label=&#8221;Sidebar&#8221; orientation=&#8221;right&#8221; area=&#8221;sidebar-1&#8243; background_layout=&#8221;light&#8221; remove_border=&#8221;off&#8221;] [\/et_pb_sidebar][\/et_pb_column][\/et_pb_row][et_pb_row admin_label=&#8221;Row&#8221;][et_pb_column type=&#8221;4_4&#8243;][et_pb_text admin_label=&#8221;Text &#8211; Nuestros Clientes&#8221; background_layout=&#8221;light&#8221; text_orientation=&#8221;left&#8221; use_border_color=&#8221;off&#8221; border_color=&#8221;#ffffff&#8221; border_style=&#8221;solid&#8221;]<\/p>\n<h2>Nuestros <strong>Clientes<\/strong><\/h2>\n<p>[\/et_pb_text][et_pb_text admin_label=&#8221;Logos Cilentes&#8221; background_layout=&#8221;light&#8221; text_orientation=&#8221;left&#8221; use_border_color=&#8221;off&#8221; border_color=&#8221;#ffffff&#8221; border_style=&#8221;solid&#8221;] <div id=\"\" class=\"logooos_container logooos_notready\"><div class=\"logooos logooos_grid logooos_responsive logooos_withtooltip logooos_grayscale logooos_no_border logooos_listborder logooos_no_radius  \" data-columnsnum=\"9\" data-marginbetweenitems=\"5px\" data-itemsheightpercentage=\"0.65\" data-hovereffect=\"\" data-hovereffectcolor=\"#DCDCDC\" data-bordercolor=\"transparent\"  ><div class=\"logooos_item\" data-id=\"144\" data-title=\"Suri Agro Negocios S.R.L.\" style=\"background-color:transparent; border-color:transparent\">\n\t\t\t\t\t\t<a rel=\"nofollow\"  target=\"_blank\"><img decoding=\"async\" src=\"https:\/\/www.fymconsultores.com.ar\/site\/wp-content\/uploads\/2016\/04\/logo.png\" title=\"\" style=\"max-width:70% !important; max-height:70% !important;\" alt=\"Suri Agro Negocios S.R.L.\" \/><\/a><\/div><div class=\"logooos_item\" data-id=\"142\" data-title=\"Semiller\u00eda Roller S.R.L.\" style=\"background-color:transparent; border-color:transparent\">\n\t\t\t\t\t\t<a rel=\"nofollow\"  target=\"_blank\"><img decoding=\"async\" src=\"https:\/\/www.fymconsultores.com.ar\/site\/wp-content\/uploads\/2016\/04\/logo_interno.png\" title=\"\" style=\"max-width:70% !important; max-height:70% !important;\" alt=\"Semiller\u00eda Roller S.R.L.\" \/><\/a><\/div><div class=\"logooos_item\" data-id=\"140\" data-title=\"Municipalidad De San Marcos Sud\" style=\"background-color:transparent; border-color:transparent\">\n\t\t\t\t\t\t<a rel=\"nofollow\"  target=\"_blank\"><img decoding=\"async\" src=\"https:\/\/www.fymconsultores.com.ar\/site\/wp-content\/uploads\/2016\/04\/municipalidadmarcossud.jpg\" title=\"\" style=\"max-width:90% !important; max-height:90% !important;\" alt=\"Municipalidad De San Marcos Sud\" \/><\/a><\/div><div class=\"logooos_item\" data-id=\"138\" data-title=\"Municipalidad de Monte Buey\" style=\"background-color:transparent; border-color:transparent\">\n\t\t\t\t\t\t<a rel=\"nofollow\"  target=\"_blank\"><img decoding=\"async\" src=\"https:\/\/www.fymconsultores.com.ar\/site\/wp-content\/uploads\/2016\/04\/Logo-3.jpg\" title=\"\" style=\"max-width:70% !important; max-height:70% !important;\" alt=\"Municipalidad de Monte Buey\" \/><\/a><\/div><div class=\"logooos_item\" data-id=\"135\" data-title=\"Agro Kom Kawa\" style=\"background-color:transparent; border-color:transparent\">\n\t\t\t\t\t\t<a rel=\"nofollow\"  target=\"_blank\"><img decoding=\"async\" src=\"https:\/\/www.fymconsultores.com.ar\/site\/wp-content\/uploads\/2016\/04\/agro-kom-kawa.png\" title=\"\" style=\"max-width:70% !important; max-height:70% !important;\" alt=\"Agro Kom Kawa\" \/><\/a><\/div><div class=\"logooos_item\" data-id=\"133\" data-title=\"Instituto Tecnico Agrario Indus.\" style=\"background-color:transparent; border-color:transparent\">\n\t\t\t\t\t\t<a rel=\"nofollow\"  target=\"_blank\"><img decoding=\"async\" src=\"https:\/\/www.fymconsultores.com.ar\/site\/wp-content\/uploads\/2016\/04\/Logo-1.gif\" title=\"\" style=\"max-width:45% !important; max-height:45% !important;\" alt=\"Instituto Tecnico Agrario Indus.\" \/><\/a><\/div><div class=\"logooos_item\" data-id=\"131\" data-title=\"Inpolcor S.R.L.\" style=\"background-color:transparent; border-color:transparent\">\n\t\t\t\t\t\t<a rel=\"nofollow\"  target=\"_blank\"><img decoding=\"async\" src=\"https:\/\/www.fymconsultores.com.ar\/site\/wp-content\/uploads\/2016\/04\/Logo-2.jpg\" title=\"\" style=\"max-width:70% !important; max-height:70% !important;\" alt=\"Inpolcor S.R.L.\" \/><\/a><\/div><div class=\"logooos_item\" data-id=\"129\" data-title=\"Industria Metal\u00f9rgica T.C.F. S.A.\" style=\"background-color:transparent; border-color:transparent\">\n\t\t\t\t\t\t<a rel=\"nofollow\"  target=\"_blank\"><img decoding=\"async\" src=\"https:\/\/www.fymconsultores.com.ar\/site\/wp-content\/uploads\/2016\/04\/4599_logo.jpg\" title=\"\" style=\"max-width:70% !important; max-height:70% !important;\" alt=\"Industria Metal\u00f9rgica T.C.F. S.A.\" \/><\/a><\/div><div class=\"logooos_item\" data-id=\"126\" data-title=\"Huinca Cereales S.R.L.\" style=\"background-color:transparent; border-color:transparent\">\n\t\t\t\t\t\t<a rel=\"nofollow\"  target=\"_blank\"><img decoding=\"async\" src=\"https:\/\/www.fymconsultores.com.ar\/site\/wp-content\/uploads\/2016\/04\/huincacereales.jpg\" title=\"\" style=\"max-width:70% !important; max-height:70% !important;\" alt=\"Huinca Cereales S.R.L.\" \/><\/a><\/div><div class=\"logooos_item\" data-id=\"124\" data-title=\"GI-RE S.A.\" style=\"background-color:transparent; border-color:transparent\">\n\t\t\t\t\t\t<a rel=\"nofollow\"  target=\"_blank\"><img decoding=\"async\" src=\"https:\/\/www.fymconsultores.com.ar\/site\/wp-content\/uploads\/2016\/04\/logo-e1460742720655.jpg\" title=\"\" style=\"max-width:70% !important; max-height:70% !important;\" alt=\"GI-RE S.A.\" \/><\/a><\/div><div class=\"logooos_item\" data-id=\"122\" data-title=\"Geval S.A.\" style=\"background-color:transparent; border-color:transparent\">\n\t\t\t\t\t\t<a rel=\"nofollow\"  target=\"_blank\"><img decoding=\"async\" src=\"https:\/\/www.fymconsultores.com.ar\/site\/wp-content\/uploads\/2016\/04\/Logo_GevalSA.jpg\" title=\"\" style=\"max-width:70% !important; max-height:70% !important;\" alt=\"Geval S.A.\" \/><\/a><\/div><div class=\"logooos_item\" data-id=\"120\" data-title=\"Crivello S.R.L.\" style=\"background-color:transparent; border-color:transparent\">\n\t\t\t\t\t\t<a rel=\"nofollow\"  target=\"_blank\"><img decoding=\"async\" src=\"https:\/\/www.fymconsultores.com.ar\/site\/wp-content\/uploads\/2016\/04\/logo1-e1460736261846.png\" title=\"\" style=\"max-width:70% !important; max-height:70% !important;\" alt=\"Crivello S.R.L.\" \/><\/a><\/div><div class=\"logooos_item\" data-id=\"118\" data-title=\"GAC Insumos Agropecuarios\" style=\"background-color:transparent; border-color:transparent\">\n\t\t\t\t\t\t<a rel=\"nofollow\"  target=\"_blank\"><img decoding=\"async\" src=\"https:\/\/www.fymconsultores.com.ar\/site\/wp-content\/uploads\/2016\/04\/logo_gac.png\" title=\"\" style=\"max-width:70% !important; max-height:70% !important;\" alt=\"GAC Insumos Agropecuarios\" \/><\/a><\/div><div class=\"logooos_item\" data-id=\"116\" data-title=\"Coop. El\u00e9ctrica y de Obras y Serv. P\u00fablicos de Monte Buey\" style=\"background-color:transparent; border-color:transparent\">\n\t\t\t\t\t\t<a rel=\"nofollow\"  target=\"_blank\"><img decoding=\"async\" src=\"https:\/\/www.fymconsultores.com.ar\/site\/wp-content\/uploads\/2016\/04\/logo.gif\" title=\"\" style=\"max-width:70% !important; max-height:70% !important;\" alt=\"Coop. El\u00e9ctrica y de Obras y Serv. P\u00fablicos de Monte Buey\" \/><\/a><\/div><div class=\"logooos_item\" data-id=\"114\" data-title=\"Coop. Ag. Gan. de Justiniano Posse LTDA.\" style=\"background-color:transparent; border-color:transparent\">\n\t\t\t\t\t\t<a rel=\"nofollow\"  target=\"_blank\"><img decoding=\"async\" src=\"https:\/\/www.fymconsultores.com.ar\/site\/wp-content\/uploads\/2016\/04\/Logo.jpg\" title=\"\" style=\"max-width:70% !important; max-height:70% !important;\" alt=\"Coop. Ag. Gan. de Justiniano Posse LTDA.\" \/><\/a><\/div><div class=\"logooos_item\" data-id=\"111\" data-title=\"Club Matienzo M. S. Y D.\" style=\"background-color:transparent; border-color:transparent\">\n\t\t\t\t\t\t<a rel=\"nofollow\"  target=\"_blank\"><img decoding=\"async\" src=\"https:\/\/www.fymconsultores.com.ar\/site\/wp-content\/uploads\/2016\/04\/Logo.gif\" title=\"\" style=\"max-width:50% !important; max-height:50% !important;\" alt=\"Club Matienzo M. S. Y D.\" \/><\/a><\/div><div class=\"logooos_item\" data-id=\"110\" data-title=\"Agricultores Federados Argentinos S.C.L.\" style=\"background-color:transparent; border-color:transparent\">\n\t\t\t\t\t\t<a rel=\"nofollow\"  target=\"_blank\"><img decoding=\"async\" src=\"https:\/\/www.fymconsultores.com.ar\/site\/wp-content\/uploads\/2016\/04\/afa.jpg\" title=\"\" style=\"max-width:99% !important; max-height:99% !important;\" alt=\"Agricultores Federados Argentinos S.C.L.\" \/><\/a><\/div><div class=\"logooos_item\" data-id=\"107\" data-title=\"AAXOD S.A.\" style=\"background-color:transparent; border-color:transparent\">\n\t\t\t\t\t\t<a rel=\"nofollow\"  target=\"_blank\"><img decoding=\"async\" src=\"https:\/\/www.fymconsultores.com.ar\/site\/wp-content\/uploads\/2016\/04\/aaxod.jpg\" title=\"\" style=\"max-width:55% !important; max-height:55% !important;\" alt=\"AAXOD S.A.\" \/><\/a><\/div><\/div><\/div> [\/et_pb_text][\/et_pb_column][\/et_pb_row][\/et_pb_section]<\/p>\n","protected":false},"excerpt":{"rendered":"<p>Ejecutamos nuestros servicios en forma altamente personalizada, comprendiendo que cada empresa es \u00fanica, creando una soluci\u00f3n a la medida de cada necesidad.\u00a0Somos especialistas en identificar y comprender las necesidades inform\u00e1ticas de nuestros clientes para ofrecerles la mejor soluci\u00f3n integral. Nuestros servicios se apoyan en los siguientes principios: Calidad Agilidad Versatilidad Alta capacidad de adaptaci\u00f3n a [&hellip;]<\/p>\n","protected":false},"author":1,"featured_media":0,"parent":0,"menu_order":0,"comment_status":"closed","ping_status":"closed","template":"","meta":{"_et_pb_use_builder":"on","_et_pb_old_content":"<p>Ejecutamos nuestros servicios en forma altamente personalizada, comprendiendo que cada empresa es \u00fanica, creando una soluci\u00f3n a la medida de cada necesidad.<\/p><p>Somos especialistas en identificar y comprender las necesidades inform\u00e1ticas de nuestros clientes para ofrecerles la mejor soluci\u00f3n integral.<\/p><p>Nuestros servicios se apoyan en los siguientes principios:<\/p><ul><li>Calidad<\/li><li>Agilidad<\/li><li>Versatilidad<\/li><li>Alta capacidad de adaptaci\u00f3n a las necesidades particulares de nuestros clientes<\/li><\/ul><p>Cada servicio cumple con exhaustivos procesos de control en cada una de las etapas, permitiendo medir la eficacia y el cumplimiento de los objetivos establecidos al comienzo de cada trabajo.<\/p><p>Nuestra actividad incluye una amplia gama de prestaciones, que abarcan desde los procesos iniciales de an\u00e1lisis y dise\u00f1o de sistemas, comercializaci\u00f3n y soporte inform\u00e1tico postventa, hasta servicios profesionales de consultor\u00eda.<\/p><ol><ol><li><strong>Consultor\u00eda Inform\u00e1tica<\/strong><br \/> Implementar un sistema de gesti\u00f3n implica un correcto relevamiento t\u00e9cnico de sus necesidades, para conocer con precisi\u00f3n las caracter\u00edsticas de su demanda. Una vez instalado nuestros servicios, contar\u00e1 con una capacitaci\u00f3n espec\u00edfica que le permitir\u00e1 conocer el funcionamiento del mismo y as\u00ed aprovechar todas sus ventajas.Ferrero & Marossero Servicio a Clientes es el complemento ideal de cada uno de nuestros productos para lograr la satisfacci\u00f3n de nuestros clientes. Su empresa podr\u00e1 contar con un soporte permanente para poder dar soluci\u00f3n a cada una de sus consultas o demandas, a trav\u00e9s de llamados telef\u00f3nicos, consultas v\u00eda Internet y visitas a su empresa.<\/li><\/ol><\/ol><p>\u00a0<\/p><ol><li id=\"desarrollodesoftware\"><strong>Desarrollo de Software<\/strong><br \/> Con un importante know-how adquirido a trav\u00e9s de la experiencia en diferentes campos de las soluciones digitales, hemos desarrollado nuestros propios sistemas inform\u00e1ticos. Los desarrollos cuentan con procesos de testing previos a su comercializaci\u00f3n y actualizaciones peri\u00f3dicas que incorporan nuevas funcionalidades.Adem\u00e1s de nuestros sistemas pre elaborados, realizamos desarrollos de sistemas especiales o a medida, solicitados de manera particular para casos puntuales.<\/li><li><strong>Seguridad Inform\u00e1tica<\/strong><br \/> En Ferrero & Marossero contamos con t\u00e9cnicos especializados en Seguridad Inform\u00e1tica para poder evaluar las caracter\u00edsticas y condiciones de sus sistemas de procesamiento de datos y su correcto almacenamiento, para garantizarle confidencialidad, integridad y disponibilidad. Este servicio es muy amplio y abarco desde el testeo de redes y escaneo de archivos, hasta la instalaci\u00f3n o actualizaci\u00f3n de anti-virus optimizados para sus sistemas inform\u00e1ticos.<\/li><li><strong>Redes (LAN WAN WI-FI)<\/strong><br \/> En la actualidad la informaci\u00f3n se procesa digitalmente desde distintos puntos a la vez. La velocidad, seguridad y confiabilidad de los datos con que trabajan los sistemas, est\u00e1 dada por las caracter\u00edsticas de las redes sobre las est\u00e1n funcionando. Por esta raz\u00f3n es que ofrecemos un asesoramiento integral para el dise\u00f1o, montaje y puesta en marcha de los diferentes tipos de redes con los que debiera interconectar su empresa, f\u00e1brica o instituci\u00f3n.<\/li><li><strong>Venta Equipos e Insumos<\/strong><br \/> Las unidades de almacenamiento, las terminales de ingreso de datos, activaci\u00f3n de procesos complejos o interconexi\u00f3n interna\/externa son el soporte b\u00e1sico para poder asegurarse un correcto funcionamiento de sus sistemas inform\u00e1ticos. Gracias a nuestra amplia experiencia en este campo podemos asesorarlo y brindarle las alternativas m\u00e1s adecuadas en materia de equipos, accesorios y reciclaje de insumos de computaci\u00f3n.<\/li><li><strong>Servicio T\u00e9cnico General<\/strong><br \/> La experiencia de nuestros t\u00e9cnicos y el poder contar con herramientas de dise\u00f1o propio, nos permite ofrecer un servicio estrictamente adecuado a las necesidades en tiempo y forma demandados por el cliente. Conf\u00ede en nuestros profesionales para el asesoramiento inform\u00e1tico de su empresa y compruebe las ventajas de contar con ayuda experimentada.<\/li><\/ol><p>\u00a0<\/p>","_et_gb_content_width":"","jetpack_post_was_ever_published":false,"footnotes":""},"jetpack_sharing_enabled":true,"jetpack_shortlink":"https:\/\/wp.me\/P7sY8X-C","_links":{"self":[{"href":"https:\/\/www.fymconsultores.com.ar\/site\/wp-json\/wp\/v2\/pages\/38"}],"collection":[{"href":"https:\/\/www.fymconsultores.com.ar\/site\/wp-json\/wp\/v2\/pages"}],"about":[{"href":"https:\/\/www.fymconsultores.com.ar\/site\/wp-json\/wp\/v2\/types\/page"}],"author":[{"embeddable":true,"href":"https:\/\/www.fymconsultores.com.ar\/site\/wp-json\/wp\/v2\/users\/1"}],"replies":[{"embeddable":true,"href":"https:\/\/www.fymconsultores.com.ar\/site\/wp-json\/wp\/v2\/comments?post=38"}],"version-history":[{"count":24,"href":"https:\/\/www.fymconsultores.com.ar\/site\/wp-json\/wp\/v2\/pages\/38\/revisions"}],"predecessor-version":[{"id":292,"href":"https:\/\/www.fymconsultores.com.ar\/site\/wp-json\/wp\/v2\/pages\/38\/revisions\/292"}],"wp:attachment":[{"href":"https:\/\/www.fymconsultores.com.ar\/site\/wp-json\/wp\/v2\/media?parent=38"}],"curies":[{"name":"wp","href":"https:\/\/api.w.org\/{rel}","templated":true}]}}