{"id":42,"date":"2016-04-12T17:30:09","date_gmt":"2016-04-12T17:30:09","guid":{"rendered":"http:\/\/www.fymconsultores.com.ar\/site\/?page_id=42"},"modified":"2017-10-05T14:31:50","modified_gmt":"2017-10-05T14:31:50","slug":"contacto","status":"publish","type":"page","link":"https:\/\/www.fymconsultores.com.ar\/site\/contacto\/","title":{"rendered":"Contacto"},"content":{"rendered":"<p>[et_pb_section admin_label=&#8221;Section&#8221; fullwidth=&#8221;on&#8221; specialty=&#8221;off&#8221;][et_pb_fullwidth_header admin_label=&#8221;Fullwidth Header&#8221; title=&#8221;Contacto&#8221; subhead=&#8221;Le ofrecemos la mejor soluci\u00f3n&#8221; background_layout=&#8221;dark&#8221; text_orientation=&#8221;left&#8221; header_fullscreen=&#8221;off&#8221; header_scroll_down=&#8221;off&#8221; background_url=&#8221;https:\/\/www.fymconsultores.com.ar\/site\/wp-content\/uploads\/2016\/04\/Red-Boxes-back.jpg&#8221; parallax=&#8221;off&#8221; parallax_method=&#8221;off&#8221; content_orientation=&#8221;center&#8221; image_orientation=&#8221;center&#8221; custom_button_one=&#8221;off&#8221; button_one_letter_spacing=&#8221;0&#8243; button_one_use_icon=&#8221;default&#8221; button_one_icon_placement=&#8221;right&#8221; button_one_on_hover=&#8221;on&#8221; button_one_letter_spacing_hover=&#8221;0&#8243; custom_button_two=&#8221;off&#8221; button_two_letter_spacing=&#8221;0&#8243; button_two_use_icon=&#8221;default&#8221; button_two_icon_placement=&#8221;right&#8221; button_two_on_hover=&#8221;on&#8221; button_two_letter_spacing_hover=&#8221;0&#8243;] [\/et_pb_fullwidth_header][\/et_pb_section][et_pb_section admin_label=&#8221;section&#8221;][et_pb_row admin_label=&#8221;row&#8221;][et_pb_column type=&#8221;1_2&#8243;][et_pb_text admin_label=&#8221;Text&#8221; background_layout=&#8221;light&#8221; text_orientation=&#8221;left&#8221; use_border_color=&#8221;off&#8221; border_color=&#8221;#ffffff&#8221; border_style=&#8221;solid&#8221;]<\/p>\n<p>El uso de soluciones inform\u00e1ticas proporciona un fuerte ahorro en recursos humanos, automatiza los procesos operativos, suministra una plataforma de informaci\u00f3n necesaria para la toma de decisiones y sobre todo la posibilidad de aventajar a los competidores.<\/p>\n<p>Solic\u00edtenos un estudio gratuito de sus necesidades. Le ofreceremos la mejor soluci\u00f3n, y le proporcionaremos \u00fanicamente aquello que usted necesita.<\/p>\n<p>Nuestros proyectos y clientes nos avalan.<\/p>\n<p>&nbsp;<\/p>\n<p>[\/et_pb_text][et_pb_cta admin_label=&#8221;Call To Action&#8221; title=&#8221;Env\u00edo de CV&#8221; button_url=&#8221;mailto:administracion@fymconsultores.com.ar&#8221; url_new_window=&#8221;off&#8221; button_text=&#8221;administracion@fymconsultores.com.ar&#8221; use_background_color=&#8221;on&#8221; background_color=&#8221;#b8080a&#8221; background_layout=&#8221;dark&#8221; text_orientation=&#8221;left&#8221; use_border_color=&#8221;off&#8221; border_color=&#8221;#ffffff&#8221; border_style=&#8221;solid&#8221; custom_button=&#8221;off&#8221; button_letter_spacing=&#8221;0&#8243; button_use_icon=&#8221;default&#8221; button_icon_placement=&#8221;right&#8221; button_on_hover=&#8221;on&#8221; button_letter_spacing_hover=&#8221;0&#8243;]<\/p>\n<p>Si quer\u00e9s trabajar en F&amp;M, envianos tu presentaci\u00f3n por email.<\/p>\n<p>[\/et_pb_cta][\/et_pb_column][et_pb_column type=&#8221;1_2&#8243;][et_pb_contact_form admin_label=&#8221;Contact Form&#8221; captcha=&#8221;on&#8221; email=&#8221;ventas@fymconsultores.com.ar&#8221; use_redirect=&#8221;off&#8221; input_border_radius=&#8221;0&#8243; use_border_color=&#8221;off&#8221; border_color=&#8221;#ffffff&#8221; border_style=&#8221;solid&#8221; custom_button=&#8221;off&#8221; button_letter_spacing=&#8221;0&#8243; button_use_icon=&#8221;default&#8221; button_icon_placement=&#8221;right&#8221; button_on_hover=&#8221;on&#8221; button_letter_spacing_hover=&#8221;0&#8243; title=&#8221;Formulario de Contacto&#8221; success_message=&#8221;Gracias por contactarse con nosotros. Le responderemos a la brevedad.&#8221;] [et_pb_contact_field field_title=&#8221;Nombre&#8221; field_type=&#8221;input&#8221; field_id=&#8221;Nombre&#8221; required_mark=&#8221;on&#8221; fullwidth_field=&#8221;on&#8221; form_field_font_select=&#8221;default&#8221; form_field_font=&#8221;||||&#8221; use_border_color=&#8221;off&#8221; border_style=&#8221;solid&#8221;] [\/et_pb_contact_field][et_pb_contact_field field_title=&#8221;Email&#8221; field_type=&#8221;email&#8221; field_id=&#8221;Email&#8221; required_mark=&#8221;on&#8221; fullwidth_field=&#8221;on&#8221; form_field_font_select=&#8221;default&#8221; form_field_font=&#8221;||||&#8221; use_border_color=&#8221;off&#8221; border_style=&#8221;solid&#8221;] [\/et_pb_contact_field][et_pb_contact_field field_id=&#8221;Ciudad&#8221; field_title=&#8221;Ciudad&#8221; field_type=&#8221;input&#8221; required_mark=&#8221;on&#8221; fullwidth_field=&#8221;on&#8221; form_field_font_select=&#8221;default&#8221; form_field_font=&#8221;||||&#8221; use_border_color=&#8221;off&#8221; border_style=&#8221;solid&#8221;] [\/et_pb_contact_field][et_pb_contact_field field_id=&#8221;Telefono&#8221; field_title=&#8221;Tel\u00e9fono&#8221; field_type=&#8221;input&#8221; required_mark=&#8221;on&#8221; fullwidth_field=&#8221;on&#8221; form_field_font_select=&#8221;default&#8221; form_field_font=&#8221;||||&#8221; use_border_color=&#8221;off&#8221; border_style=&#8221;solid&#8221;] [\/et_pb_contact_field][et_pb_contact_field field_title=&#8221;Mensaje&#8221; field_type=&#8221;text&#8221; field_id=&#8221;Mensaje&#8221; required_mark=&#8221;on&#8221; fullwidth_field=&#8221;on&#8221; form_field_font_select=&#8221;default&#8221; form_field_font=&#8221;||||&#8221; use_border_color=&#8221;off&#8221; border_style=&#8221;solid&#8221;] [\/et_pb_contact_field] [\/et_pb_contact_form][\/et_pb_column][\/et_pb_row][et_pb_row admin_label=&#8221;Row&#8221;][et_pb_column type=&#8221;4_4&#8243;][et_pb_text admin_label=&#8221;Text &#8211; Nuestros Clientes&#8221; background_layout=&#8221;light&#8221; text_orientation=&#8221;left&#8221; use_border_color=&#8221;off&#8221; border_color=&#8221;#ffffff&#8221; border_style=&#8221;solid&#8221;]<\/p>\n<h2>Nuestros <strong>Clientes<\/strong><\/h2>\n<p>[\/et_pb_text][et_pb_text admin_label=&#8221;Logos Clientes&#8221; background_layout=&#8221;light&#8221; text_orientation=&#8221;left&#8221; use_border_color=&#8221;off&#8221; border_color=&#8221;#ffffff&#8221; border_style=&#8221;solid&#8221;] <div id=\"\" class=\"logooos_container logooos_notready\"><div class=\"logooos logooos_grid logooos_responsive logooos_withtooltip logooos_grayscale logooos_no_border logooos_listborder logooos_no_radius  \" data-columnsnum=\"9\" data-marginbetweenitems=\"5px\" data-itemsheightpercentage=\"0.65\" data-hovereffect=\"\" data-hovereffectcolor=\"#DCDCDC\" data-bordercolor=\"transparent\"  ><div class=\"logooos_item\" data-id=\"144\" data-title=\"Suri Agro Negocios S.R.L.\" style=\"background-color:transparent; border-color:transparent\">\n\t\t\t\t\t\t<a rel=\"nofollow\"  target=\"_blank\"><img decoding=\"async\" src=\"https:\/\/www.fymconsultores.com.ar\/site\/wp-content\/uploads\/2016\/04\/logo.png\" title=\"\" style=\"max-width:70% !important; max-height:70% !important;\" alt=\"Suri Agro Negocios S.R.L.\" \/><\/a><\/div><div class=\"logooos_item\" data-id=\"142\" data-title=\"Semiller\u00eda Roller S.R.L.\" style=\"background-color:transparent; border-color:transparent\">\n\t\t\t\t\t\t<a rel=\"nofollow\"  target=\"_blank\"><img decoding=\"async\" src=\"https:\/\/www.fymconsultores.com.ar\/site\/wp-content\/uploads\/2016\/04\/logo_interno.png\" title=\"\" style=\"max-width:70% !important; max-height:70% !important;\" alt=\"Semiller\u00eda Roller S.R.L.\" \/><\/a><\/div><div class=\"logooos_item\" data-id=\"140\" data-title=\"Municipalidad De San Marcos Sud\" style=\"background-color:transparent; border-color:transparent\">\n\t\t\t\t\t\t<a rel=\"nofollow\"  target=\"_blank\"><img decoding=\"async\" src=\"https:\/\/www.fymconsultores.com.ar\/site\/wp-content\/uploads\/2016\/04\/municipalidadmarcossud.jpg\" title=\"\" style=\"max-width:90% !important; max-height:90% !important;\" alt=\"Municipalidad De San Marcos Sud\" \/><\/a><\/div><div class=\"logooos_item\" data-id=\"138\" data-title=\"Municipalidad de Monte Buey\" style=\"background-color:transparent; border-color:transparent\">\n\t\t\t\t\t\t<a rel=\"nofollow\"  target=\"_blank\"><img decoding=\"async\" src=\"https:\/\/www.fymconsultores.com.ar\/site\/wp-content\/uploads\/2016\/04\/Logo-3.jpg\" title=\"\" style=\"max-width:70% !important; max-height:70% !important;\" alt=\"Municipalidad de Monte Buey\" \/><\/a><\/div><div class=\"logooos_item\" data-id=\"135\" data-title=\"Agro Kom Kawa\" style=\"background-color:transparent; border-color:transparent\">\n\t\t\t\t\t\t<a rel=\"nofollow\"  target=\"_blank\"><img decoding=\"async\" src=\"https:\/\/www.fymconsultores.com.ar\/site\/wp-content\/uploads\/2016\/04\/agro-kom-kawa.png\" title=\"\" style=\"max-width:70% !important; max-height:70% !important;\" alt=\"Agro Kom Kawa\" \/><\/a><\/div><div class=\"logooos_item\" data-id=\"133\" data-title=\"Instituto Tecnico Agrario Indus.\" style=\"background-color:transparent; border-color:transparent\">\n\t\t\t\t\t\t<a rel=\"nofollow\"  target=\"_blank\"><img decoding=\"async\" src=\"https:\/\/www.fymconsultores.com.ar\/site\/wp-content\/uploads\/2016\/04\/Logo-1.gif\" title=\"\" style=\"max-width:45% !important; max-height:45% !important;\" alt=\"Instituto Tecnico Agrario Indus.\" \/><\/a><\/div><div class=\"logooos_item\" data-id=\"131\" data-title=\"Inpolcor S.R.L.\" style=\"background-color:transparent; border-color:transparent\">\n\t\t\t\t\t\t<a rel=\"nofollow\"  target=\"_blank\"><img decoding=\"async\" src=\"https:\/\/www.fymconsultores.com.ar\/site\/wp-content\/uploads\/2016\/04\/Logo-2.jpg\" title=\"\" style=\"max-width:70% !important; max-height:70% !important;\" alt=\"Inpolcor S.R.L.\" \/><\/a><\/div><div class=\"logooos_item\" data-id=\"129\" data-title=\"Industria Metal\u00f9rgica T.C.F. S.A.\" style=\"background-color:transparent; border-color:transparent\">\n\t\t\t\t\t\t<a rel=\"nofollow\"  target=\"_blank\"><img decoding=\"async\" src=\"https:\/\/www.fymconsultores.com.ar\/site\/wp-content\/uploads\/2016\/04\/4599_logo.jpg\" title=\"\" style=\"max-width:70% !important; max-height:70% !important;\" alt=\"Industria Metal\u00f9rgica T.C.F. S.A.\" \/><\/a><\/div><div class=\"logooos_item\" data-id=\"126\" data-title=\"Huinca Cereales S.R.L.\" style=\"background-color:transparent; border-color:transparent\">\n\t\t\t\t\t\t<a rel=\"nofollow\"  target=\"_blank\"><img decoding=\"async\" src=\"https:\/\/www.fymconsultores.com.ar\/site\/wp-content\/uploads\/2016\/04\/huincacereales.jpg\" title=\"\" style=\"max-width:70% !important; max-height:70% !important;\" alt=\"Huinca Cereales S.R.L.\" \/><\/a><\/div><div class=\"logooos_item\" data-id=\"124\" data-title=\"GI-RE S.A.\" style=\"background-color:transparent; border-color:transparent\">\n\t\t\t\t\t\t<a rel=\"nofollow\"  target=\"_blank\"><img decoding=\"async\" src=\"https:\/\/www.fymconsultores.com.ar\/site\/wp-content\/uploads\/2016\/04\/logo-e1460742720655.jpg\" title=\"\" style=\"max-width:70% !important; max-height:70% !important;\" alt=\"GI-RE S.A.\" \/><\/a><\/div><div class=\"logooos_item\" data-id=\"122\" data-title=\"Geval S.A.\" style=\"background-color:transparent; border-color:transparent\">\n\t\t\t\t\t\t<a rel=\"nofollow\"  target=\"_blank\"><img decoding=\"async\" src=\"https:\/\/www.fymconsultores.com.ar\/site\/wp-content\/uploads\/2016\/04\/Logo_GevalSA.jpg\" title=\"\" style=\"max-width:70% !important; max-height:70% !important;\" alt=\"Geval S.A.\" \/><\/a><\/div><div class=\"logooos_item\" data-id=\"120\" data-title=\"Crivello S.R.L.\" style=\"background-color:transparent; border-color:transparent\">\n\t\t\t\t\t\t<a rel=\"nofollow\"  target=\"_blank\"><img decoding=\"async\" src=\"https:\/\/www.fymconsultores.com.ar\/site\/wp-content\/uploads\/2016\/04\/logo1-e1460736261846.png\" title=\"\" style=\"max-width:70% !important; max-height:70% !important;\" alt=\"Crivello S.R.L.\" \/><\/a><\/div><div class=\"logooos_item\" data-id=\"118\" data-title=\"GAC Insumos Agropecuarios\" style=\"background-color:transparent; border-color:transparent\">\n\t\t\t\t\t\t<a rel=\"nofollow\"  target=\"_blank\"><img decoding=\"async\" src=\"https:\/\/www.fymconsultores.com.ar\/site\/wp-content\/uploads\/2016\/04\/logo_gac.png\" title=\"\" style=\"max-width:70% !important; max-height:70% !important;\" alt=\"GAC Insumos Agropecuarios\" \/><\/a><\/div><div class=\"logooos_item\" data-id=\"116\" data-title=\"Coop. El\u00e9ctrica y de Obras y Serv. P\u00fablicos de Monte Buey\" style=\"background-color:transparent; border-color:transparent\">\n\t\t\t\t\t\t<a rel=\"nofollow\"  target=\"_blank\"><img decoding=\"async\" src=\"https:\/\/www.fymconsultores.com.ar\/site\/wp-content\/uploads\/2016\/04\/logo.gif\" title=\"\" style=\"max-width:70% !important; max-height:70% !important;\" alt=\"Coop. El\u00e9ctrica y de Obras y Serv. P\u00fablicos de Monte Buey\" \/><\/a><\/div><div class=\"logooos_item\" data-id=\"114\" data-title=\"Coop. Ag. Gan. de Justiniano Posse LTDA.\" style=\"background-color:transparent; border-color:transparent\">\n\t\t\t\t\t\t<a rel=\"nofollow\"  target=\"_blank\"><img decoding=\"async\" src=\"https:\/\/www.fymconsultores.com.ar\/site\/wp-content\/uploads\/2016\/04\/Logo.jpg\" title=\"\" style=\"max-width:70% !important; max-height:70% !important;\" alt=\"Coop. Ag. Gan. de Justiniano Posse LTDA.\" \/><\/a><\/div><div class=\"logooos_item\" data-id=\"111\" data-title=\"Club Matienzo M. S. Y D.\" style=\"background-color:transparent; border-color:transparent\">\n\t\t\t\t\t\t<a rel=\"nofollow\"  target=\"_blank\"><img decoding=\"async\" src=\"https:\/\/www.fymconsultores.com.ar\/site\/wp-content\/uploads\/2016\/04\/Logo.gif\" title=\"\" style=\"max-width:50% !important; max-height:50% !important;\" alt=\"Club Matienzo M. S. Y D.\" \/><\/a><\/div><div class=\"logooos_item\" data-id=\"110\" data-title=\"Agricultores Federados Argentinos S.C.L.\" style=\"background-color:transparent; border-color:transparent\">\n\t\t\t\t\t\t<a rel=\"nofollow\"  target=\"_blank\"><img decoding=\"async\" src=\"https:\/\/www.fymconsultores.com.ar\/site\/wp-content\/uploads\/2016\/04\/afa.jpg\" title=\"\" style=\"max-width:99% !important; max-height:99% !important;\" alt=\"Agricultores Federados Argentinos S.C.L.\" \/><\/a><\/div><div class=\"logooos_item\" data-id=\"107\" data-title=\"AAXOD S.A.\" style=\"background-color:transparent; border-color:transparent\">\n\t\t\t\t\t\t<a rel=\"nofollow\"  target=\"_blank\"><img decoding=\"async\" src=\"https:\/\/www.fymconsultores.com.ar\/site\/wp-content\/uploads\/2016\/04\/aaxod.jpg\" title=\"\" style=\"max-width:55% !important; max-height:55% !important;\" alt=\"AAXOD S.A.\" \/><\/a><\/div><\/div><\/div> [\/et_pb_text][\/et_pb_column][\/et_pb_row][\/et_pb_section]<\/p>\n","protected":false},"excerpt":{"rendered":"<p>El uso de soluciones inform\u00e1ticas proporciona un fuerte ahorro en recursos humanos, automatiza los procesos operativos, suministra una plataforma de informaci\u00f3n necesaria para la toma de decisiones y sobre todo la posibilidad de aventajar a los competidores. Solic\u00edtenos un estudio gratuito de sus necesidades. Le ofreceremos la mejor soluci\u00f3n, y le proporcionaremos \u00fanicamente aquello que [&hellip;]<\/p>\n","protected":false},"author":1,"featured_media":0,"parent":0,"menu_order":0,"comment_status":"closed","ping_status":"closed","template":"","meta":{"_et_pb_use_builder":"on","_et_pb_old_content":"<p>El uso de soluciones inform\u00e1ticas proporciona un fuerte ahorro en recursos humanos, automatiza los procesos operativos, suministra una plataforma de informaci\u00f3n necesaria para la toma de decisiones y sobre todo la posibilidad de aventajar a los competidores.<\/p><p>Solic\u00edtenos un estudio gratuito de sus necesidades. Le ofreceremos la mejor soluci\u00f3n, y le proporcionaremos \u00fanicamente aquello que usted necesita.<\/p><p>Nuestros proyectos y clientes nos avalan.<\/p><p>\u00a0<\/p><p><u><strong>Empresa:<\/strong><\/u> FyM Consultores<br \/> <u><strong>Ciudad:<\/strong><\/u> Marcos Ju\u00e1rez \/ San Marcos Sud<br \/> <u><strong>Tel:<\/strong><\/u> 03472\/443030<br \/> <u><strong>M\u00f3vil:<\/strong><\/u> 03472\/15584171\/15582700\/15435998<br \/> <u><strong>E-mail:<\/strong><\/u> ventas@fymconsultores.com.ar<br \/> <u><strong>CVs:<\/strong><\/u> administracion@fymconsultores.com.ar<\/p>","_et_gb_content_width":"","jetpack_post_was_ever_published":false,"footnotes":""},"jetpack_sharing_enabled":true,"jetpack_shortlink":"https:\/\/wp.me\/P7sY8X-G","_links":{"self":[{"href":"https:\/\/www.fymconsultores.com.ar\/site\/wp-json\/wp\/v2\/pages\/42"}],"collection":[{"href":"https:\/\/www.fymconsultores.com.ar\/site\/wp-json\/wp\/v2\/pages"}],"about":[{"href":"https:\/\/www.fymconsultores.com.ar\/site\/wp-json\/wp\/v2\/types\/page"}],"author":[{"embeddable":true,"href":"https:\/\/www.fymconsultores.com.ar\/site\/wp-json\/wp\/v2\/users\/1"}],"replies":[{"embeddable":true,"href":"https:\/\/www.fymconsultores.com.ar\/site\/wp-json\/wp\/v2\/comments?post=42"}],"version-history":[{"count":15,"href":"https:\/\/www.fymconsultores.com.ar\/site\/wp-json\/wp\/v2\/pages\/42\/revisions"}],"predecessor-version":[{"id":325,"href":"https:\/\/www.fymconsultores.com.ar\/site\/wp-json\/wp\/v2\/pages\/42\/revisions\/325"}],"wp:attachment":[{"href":"https:\/\/www.fymconsultores.com.ar\/site\/wp-json\/wp\/v2\/media?parent=42"}],"curies":[{"name":"wp","href":"https:\/\/api.w.org\/{rel}","templated":true}]}}